{"id":1254,"date":"2024-09-11T13:20:24","date_gmt":"2024-09-11T13:20:24","guid":{"rendered":"https:\/\/fmf-slovenija.si\/?page_id=1254"},"modified":"2025-09-10T08:58:20","modified_gmt":"2025-09-10T08:58:20","slug":"programme","status":"publish","type":"page","link":"https:\/\/fmf-slovenija.si\/en\/programme\/","title":{"rendered":"Programme"},"content":{"rendered":"<section class=\"wpb-content-wrapper\"><p>[vc_row][vc_column][vc_column_text]<\/p>\n<div class=\"wpb_text_column wpb_content_element \">\n<div class=\"wpb_wrapper\">\n<div class=\"wpb_text_column wpb_content_element \">\n<div class=\"wpb_wrapper\">\n<h4 style=\"text-align: center;\"><b>Attending all screenings and events is free of charge, except for the screenings of\u00a0<a href=\"https:\/\/fmf-slovenija.si\/en\/yunan\/\" target=\"_blank\" rel=\"noopener\"><em>Yunan<\/em><\/a>\u00a0and\u00a0<a href=\"https:\/\/fmf-slovenija.si\/en\/love-is-not-an-orange\/\" target=\"_blank\" rel=\"noopener\"><em>Love Is Not an Orange<\/em><\/a> in Ljubljana. All films have Slovenian subtitles.<\/b><\/h4>\n<\/div>\n<\/div>\n<\/div>\n<\/div>\n<p>[\/vc_column_text][vc_empty_space height=&#8221;40px&#8221;][vc_column_text]<\/p>\n<h3 style=\"text-align: center;\"><span style=\"color: #008000;\"><strong>Summer FMF<\/strong><\/span><\/h3>\n<p>[\/vc_column_text][vc_empty_space height=&#8221;20px&#8221;][\/vc_column][\/vc_row][vc_row][vc_column width=&#8221;1\/2&#8243;][vc_cta h2=&#8221;LOGATEC&#8221;]<\/p>\n<h3><strong>THURSDAY, 10th OF JULY<\/strong><\/h3>\n<p><strong>19.00 Narodni dom Logatec<\/strong><\/p>\n<p><a href=\"https:\/\/fmf-slovenija.si\/en\/imade\/\" target=\"_blank\" rel=\"noopener\"><strong>Imade<\/strong><\/a>, Ignacio Acconcia Gonz\u00e1lez, Spain, 2024, documentary, 29&#8242;<\/p>\n<p><a href=\"https:\/\/fmf-slovenija.si\/en\/el-canon\/\" target=\"_blank\" rel=\"noopener\"><strong>El Canon<\/strong><\/a>, Mart\u00edn Seeger, Chile, 2024, fiction, 19&#8242;<\/p>\n<p><a href=\"https:\/\/fmf-slovenija.si\/en\/the-second-life-of-wafaa\/\" target=\"_blank\" rel=\"noopener\"><strong>The Second Life of Wafaa<\/strong><\/a>, Ekaterina Pavlova, Germany, 2024, documentary, 13&#8242;<\/p>\n<p>Following the screenings there will be a discussion about the films and refreshments. All films have Slovenian subtitles.<\/p>\n<p><em>The event is organised in cooperation with Knji\u017enica Logatec<\/em>.[\/vc_cta][vc_cta h2=&#8221;POSTOJNA&#8221;]<\/p>\n<h3><strong>THURSDAY, 17th OF JULY<\/strong><\/h3>\n<p><strong>20.00 Mladinski center Postojna<\/strong><\/p>\n<p><a href=\"https:\/\/fmf-slovenija.si\/en\/the-second-life-of-wafaa\/\" target=\"_blank\" rel=\"noopener\"><strong>The Second Life of Wafaa<\/strong><\/a>, Ekaterina Pavlova, Germany, 2024, documentary, 13&#8242;<\/p>\n<p><a href=\"https:\/\/fmf-slovenija.si\/en\/the-fishing-boats-of-kayar-los-cayucos-de-kayar\/\" target=\"_blank\" rel=\"noopener\"><strong>The fishing boats of Kayar \/ Los Cayucos de Kayar<\/strong><\/a>, \u00c1lvaro Hern\u00e1ndez Blanco, Spain, 2024, documentary, 29&#8242;<\/p>\n<p>Following the screenings there will be a discussion about the films and refreshments. All films have Slovenian subtitles.<\/p>\n<p><em>The event is organised in cooperation with MC Postojna<\/em>.[\/vc_cta][\/vc_column][vc_column width=&#8221;1\/2&#8243;][vc_cta h2=&#8221;MURSKA SOBOTA&#8221;]<\/p>\n<h3><strong>MONDAY, 14th OF JULY<\/strong><\/h3>\n<p><strong>10.00 Mladinski informativni in kulturni klub Murska Sobota (MIKK)<\/strong><\/p>\n<p><a href=\"https:\/\/fmf-slovenija.si\/en\/ceasefire-prekid-vatre\/\" target=\"_blank\" rel=\"noopener\"><strong>Ceasefire \/ Prekid vatre<\/strong><\/a>, Jakob Krese, Germany, Italy, Slovenia, 2025, documentary, 31&#8242;<\/p>\n<p><a href=\"https:\/\/fmf-slovenija.si\/en\/ategheh\/\" target=\"_blank\" rel=\"noopener\"><strong>Ategheh<\/strong><\/a>, Masoud Dehnavi, Iran, Lebanon, 2024, documentary, 12\u2032<\/p>\n<p>Following the screening there will be a discussion about the film and refreshments. All films have Slovenian subtitles.<\/p>\n<p><em>The event is organised in cooperation with MIKK Murska Sobota<\/em>.[\/vc_cta][vc_cta h2=&#8221;\u010cRNOMELJ&#8221;]<\/p>\n<h3><strong>MONDAY, 21st OF JULY<\/strong><\/h3>\n<p><strong>11.00 Hi\u0161a Sade\u017ei dru\u017ebe \u010crnomelj <\/strong><\/p>\n<p><a href=\"https:\/\/fmf-slovenija.si\/en\/evros-a-blurred-landscape-evros-tholo-topio\/\" target=\"_blank\" rel=\"noopener\"><strong>Evros: A Blurred Landscape \/ Evros: Tholo topio<\/strong><\/a>, Georgios Keramidiotis, Greece, 2024, documentary, 81&#8242;<\/p>\n<p>Following the screening there will be a discussion about the film and refreshments. All films have Slovenian subtitles.[\/vc_cta][vc_cta h2=&#8221;LJUTOMER&#8221;]<\/p>\n<h3><strong>FRIDAY, 8th OF AUGUST<\/strong><\/h3>\n<p><strong>11.00 Mladinski svet Ljutomer<\/strong><\/p>\n<p><a href=\"https:\/\/fmf-slovenija.si\/en\/en-route-to-europe-we-burn-or-die\/\" target=\"_blank\" rel=\"noopener\"><strong>En Route to Europe, We Burn or Die<\/strong><\/a>, Noureddine Jebnoun; Jakob Plaschke, Tunisia, 2024, documentary, 74&#8242;<\/p>\n<p>Following the screening there will be a discussion about the film and refreshments. All films have Slovenian subtitles.<\/p>\n<p><em>The event is organised in cooperation with Mladinski svet Ljutomer<\/em>.[\/vc_cta][\/vc_column][\/vc_row][vc_row][vc_column][vc_column_text]<\/p>\n<h3 style=\"text-align: center;\"><span style=\"color: #008000;\"><strong>FMF in September<\/strong><\/span><\/h3>\n<p>[\/vc_column_text][vc_empty_space height=&#8221;20px&#8221;][\/vc_column][\/vc_row][vc_row][vc_column width=&#8221;1\/2&#8243;][vc_cta h2=&#8221;WEDNESDAY, SEPTEMBER 10th&#8221; h4=&#8221;Pre-festival event&#8221;]<\/p>\n<h3><strong>LJUBLJANA<\/strong><\/h3>\n<p><strong>20.30 Kinodvor<\/strong><\/p>\n<p><a href=\"https:\/\/fmf-slovenija.si\/en\/yunan\/\" target=\"_blank\" rel=\"noopener\"><strong>Yunan<\/strong><\/a>, Ameer Fakher Eldin, Germany, Canada, Italy, Palestine, Qatar, Jordan, Saudi Arabia, 2025, feature film, 124\u2032<\/p>\n<p><em>In cooperation with Kinodvor.<\/em><\/p>\n<p><em>Tickets available at the Kinodvor box office or\u00a0<a href=\"https:\/\/kinodvor.kupikarto.si\/dogodek.php?&amp;dogId=8074\" target=\"_blank\" rel=\"noopener\">online<\/a>.<\/em>[\/vc_cta][vc_cta h2=&#8221;MONDAY, SEPTEMBER 22nd&#8221; h4=&#8221;Festival opening&#8221;]<\/p>\n<h3><strong>LJUBLJANA<\/strong><\/h3>\n<p><strong>19.30 Kinodvor<\/strong><\/p>\n<p><a href=\"https:\/\/fmf-slovenija.si\/en\/silent-trees-drzewa-milcza\/\" target=\"_blank\" rel=\"noopener\"><strong>Silent Trees \/ Drzewa milcza<\/strong><\/a>, Agnieszka Zwiefka, Poland, Germany, Denmark, 2024, documentary, 84\u2032, English and Slovenian subtitles<\/p>\n<p>Reception.<\/p>\n<p><em>In cooperation with Kinodvor. Free tickets available at Kinodvor box office from September 9th.<\/em>[\/vc_cta][vc_cta h2=&#8221;TUESDAY, SEPTEMBER 23rd&#8221;]<\/p>\n<h3><strong>LJUBLJANA<\/strong><\/h3>\n<p><strong>17.30 Kinodvor<\/strong><\/p>\n<p><a href=\"https:\/\/fmf-slovenija.si\/en\/love-is-not-an-orange\/\" target=\"_blank\" rel=\"noopener\"><strong>Love Is Not an Orange<\/strong><\/a>, Otilia Babara, Belgium, Moldova, the Netherlands, France, 2022, documentary, 73\u2032, English and Slovenian subtitles<\/p>\n<p>Discussion with director Otilia Babara, moderated by film critic Petra Meterc.<\/p>\n<p><em>In cooperation with Kinodvor and City of Women. Tickets available at the Kinodvor box office or\u00a0<a href=\"https:\/\/kinodvor.kupikarto.si\/dogodek.php?&amp;dogId=8098&amp;page=3\" target=\"_blank\" rel=\"noopener\">online<\/a>.<\/em><\/p>\n<p>&nbsp;<\/p>\n<p><strong>19:30 Slovenska kinoteka (Slovenian Cinematheque)<\/strong><\/p>\n<p><a href=\"https:\/\/fmf-slovenija.si\/en\/pakol\/\" target=\"_blank\" rel=\"noopener\"><strong>Pakol<\/strong><\/a>, Navid Esmaeili, Iran, 2023, feature film, 81\u2032<\/p>\n<p>Discussion with Manca Rau\u0161l, Dru\u0161tvo Klju\u010d, moderated by Ur\u0161a Regvar, Legal Centre for the Protection of Human Rights and the Environment (PIC).<\/p>\n<p><em>In cooperation with the Slovenian Cinematheque and PIC.<\/em><\/p>\n<p>&nbsp;<\/p>\n<h3><strong>MARIBOR<\/strong><\/h3>\n<p><b>19.00 GT22<\/b><\/p>\n<p><a href=\"https:\/\/fmf-slovenija.si\/en\/ceasefire-prekid-vatre\/\" target=\"_blank\" rel=\"noopener\"><strong>Ceasefire \/ Prekid vatre<\/strong><\/a>, Jakob Krese, Germany, Italy, Slovenia, 2025, documentary, 31\u2032<\/p>\n<p><a href=\"https:\/\/fmf-slovenija.si\/en\/ategheh\/\" target=\"_blank\" rel=\"noopener\"><strong>Ategheh<\/strong><\/a>, Masoud Dehnavi, Iran, Lebanon, 2024, documentary, 12\u2032<\/p>\n<p>Discussion about the films with screenwriter Meta Krese, moderated by \u017diga Auer of Slovene Philanthropy.<\/p>\n<p><em>The event is organised in cooperation with the Association for the Development of Film Culture.<\/em><\/p>\n<p>&nbsp;<\/p>\n<h3><strong>METLIKA<\/strong><\/h3>\n<p><b>19.00 House Fruits of Society Metlika (Hi\u0161a Sade\u017ei dru\u017ebe Metlika)<\/b><\/p>\n<p><a href=\"https:\/\/fmf-slovenija.si\/en\/the-fishing-boats-of-kayar-los-cayucos-de-kayar\/\" target=\"_blank\" rel=\"noopener\"><strong>The Fishing Boats of Kayar \/ Ribi\u0161ki \u010dolni iz Kayara<\/strong><\/a>, \u00c1lvaro Hern\u00e1ndez Blanco, Spain, 2024, documentary, 29\u2032<\/p>\n<p><a href=\"https:\/\/fmf-slovenija.si\/en\/imade\/\" target=\"_blank\" rel=\"noopener\"><strong>Imade<\/strong><\/a>, Ignacio Acconcia Gonz\u00e1lez, Spain, 2024, documentary, 29\u2032<\/p>\n<p>Discussion about the film with the audience, moderated by Mariya Ardyukova of Slovene Philanthropy.<\/p>\n<p>&nbsp;<\/p>\n<h3><strong>\u017dALEC<\/strong><\/h3>\n<p><b>19.00 House Fruits of Society \u017dalec (Hi\u0161a Sade\u017ei dru\u017ebe \u017dalec)<\/b><\/p>\n<p><a href=\"https:\/\/fmf-slovenija.si\/en\/the-fishing-boats-of-kayar-los-cayucos-de-kayar\/\" target=\"_blank\" rel=\"noopener\"><strong>The Fishing Boats of Kayar \/ Los Cayucos de Kayar<\/strong><\/a>, \u00c1lvaro Hern\u00e1ndez Blanco, Spain, 2024, documentary, 29\u2032<\/p>\n<p><a href=\"https:\/\/fmf-slovenija.si\/en\/deportato\/\" target=\"_blank\" rel=\"noopener\"><strong>Deportato<\/strong><\/a>, Hammadi Lassoued, Tunisia, 2018, documentary, 29\u2032 49\u201d<\/p>\n<p>Discussion about the film with the audience, moderated by Ana Tasi\u010d.[\/vc_cta][\/vc_column][vc_column width=&#8221;1\/2&#8243;][vc_cta h2=&#8221;WEDNESDAY, SEPTEMBER 24th&#8221;]<\/p>\n<h3><strong>LJUBLJANA<\/strong><\/h3>\n<p><strong>17.00 AGRFT*<\/strong><\/p>\n<p><a href=\"https:\/\/fmf-slovenija.si\/en\/reznica\/\" target=\"_blank\" rel=\"noopener\"><strong>Reznica<\/strong><\/a>, Davor Marinkovi\u0107, Serbia, 2022, short documentary, 23\u2032<\/p>\n<p><a href=\"https:\/\/fmf-slovenija.si\/en\/endless-holiday-la-lunga-vacanza\/\" target=\"_blank\" rel=\"noopener\"><strong>Endless Holiday \/ La lunga vacanza<\/strong><\/a>, Davor Marinkovi\u0107, Italy, 2024, short documentary, 26\u2032<\/p>\n<p>Discussion with director Davor Marinkovi\u0107 and Gregor Moder, Faculty of Arts, University of Ljubljana, moderated by film critic Petra Meterc.<\/p>\n<p><em>Event held within the Kinofilm series, organised by AGRFT. In cooperation with AGRFT.<\/em><\/p>\n<p>*AGRFT Hall, A\u0161ker\u010deva 5<\/p>\n<p>&nbsp;<\/p>\n<p><strong>20.00 Slovenska filantropija (Slovene Philanthropy)<\/strong><\/p>\n<p><a href=\"https:\/\/fmf-slovenija.si\/en\/imade\/\" target=\"_blank\" rel=\"noopener\"><strong>Imade<\/strong><\/a>, Ignacio Acconcia Gonz\u00e1lez, Spain, 2024, short documentary, 29\u2032<\/p>\n<p><a href=\"https:\/\/fmf-slovenija.si\/en\/deportato\/\" target=\"_blank\" rel=\"noopener\"><strong>Deportato<\/strong><\/a>, Hammadi Lassoued, Tunisia, 2018, short documentary, 30\u2032<\/p>\n<p>&nbsp;<\/p>\n<p><strong>20.30 Kinodvor<\/strong><\/p>\n<p><a href=\"https:\/\/fmf-slovenija.si\/en\/the-pickers\/\" target=\"_blank\" rel=\"noopener\"><strong>The Pickers<\/strong><\/a>, Elke Sasse, Germany, 2024, documentary, 80\u2032, English and Slovenian subtitles<\/p>\n<p>Discussion with journalist Elena Stancu and photographer Cosmin Bumbu\u021b, moderated by \u017diva Kavka Gobbo, Focus Association for Sustainable Development.<\/p>\n<p><em>In cooperation with Kinodvor and Focus Association for Sustainable Development.<\/em><\/p>\n<p><em>Event organised within the project \u201cRe:boot\u201d, co-financed by the European Union (DEAR programme). The content is the sole responsibility of Focus and does not necessarily reflect the views of the European Commission.<\/em>[\/vc_cta][vc_cta h2=&#8221;THURSDAY, SEPTEMBER 25th&#8221;]<\/p>\n<h3><strong>LJUBLJANA<\/strong><\/h3>\n<p><strong>17.00 AGRFT*<\/strong><\/p>\n<p><a href=\"https:\/\/fmf-slovenija.si\/en\/the-fence-la-valla\/\" target=\"_blank\" rel=\"noopener\"><strong>The Fence \/ La Valla<\/strong><\/a>, Sam Orti, Spain, 2024, animated film, 15\u2032<\/p>\n<p><a href=\"https:\/\/fmf-slovenija.si\/en\/el-canon\/\" target=\"_blank\" rel=\"noopener\"><strong>El Canon<\/strong><\/a>, Mart\u00edn Seeger, Chile, 2024, fiction, 19\u2032<\/p>\n<p><a href=\"https:\/\/fmf-slovenija.si\/en\/immigration-to-nowhere\/\" target=\"_blank\" rel=\"noopener\"><strong>Immigration to Nowhere<\/strong><\/a>, Nikolay Flotskiy, Norway, 2024, experimental film, 23\u2032<\/p>\n<p>Discussion with Immigration to Nowhere director Nikolay Flotskiy, moderated by film publicist Andrej \u0160prah.<\/p>\n<p><em>Event held within the Kinofilm series, organised by AGRFT. In cooperation with AGRFT.<\/em><\/p>\n<p><em>*AGRFT Hall, A\u0161ker\u010deva 5<\/em><\/p>\n<p>&nbsp;<\/p>\n<p><strong>19.30 Pritli\u010dje<\/strong><\/p>\n<p><a href=\"https:\/\/fmf-slovenija.si\/en\/camp-life-%d8%ad%d9%8a%d8%a7%d8%a9-%d8%a7%d9%84%d9%85%d8%ae%d9%8a%d9%85\/\" target=\"_blank\" rel=\"noopener\"><strong>Camp Life \/ \u062d\u064a\u0627\u0629 \u0627\u0644\u0645\u062e\u064a\u0645<\/strong><\/a>, Helena Iler\u0161i\u010d Salem, Jordan, 2025, short documentary, 9\u2032<\/p>\n<p><a href=\"https:\/\/fmf-slovenija.si\/en\/a-suspended-life-%d8%ad%d9%8a%d8%a7%d8%a9-%d9%85%d8%b9%d9%84%d9%82%d8%a9\/\" target=\"_blank\" rel=\"noopener\"><strong>A Suspended Life \/ \u062d\u064a\u0627\u0629 \u0645\u0639\u0644\u0642\u0629<\/strong><\/a>, Mohammed Nashbat, Palestine, 2025, short documentary, 7\u2032<\/p>\n<p>Discussion with Camp Life director Helena Iler\u0161i\u010d Salem and protagonist Sweilem Salem, moderated by film critic Petra Meterc.<\/p>\n<p><em>In cooperation with Zavod Open and No-Border Craft.<\/em><\/p>\n<p>&nbsp;<\/p>\n<h3><strong>MARIBOR<\/strong><\/h3>\n<p><b>19.00 GT22<\/b><\/p>\n<p><a href=\"https:\/\/fmf-slovenija.si\/en\/where-is-my-home-missa-minun-kotini-on\/\" target=\"_blank\" rel=\"noopener\"><strong>Where is my home? \/ Miss\u00e4 minun kotini on?<\/strong><\/a>, Anna Berger, Finland, Germany, 2024, documentary, 76\u2032<\/p>\n<p>Discussion with film director Anna Berger, moderated by \u017diga Auer of Slovene Philanthropy.<\/p>\n<p><em>The event is organised in cooperation with the Association for the Development of Film Culture.<\/em><\/p>\n<p>&nbsp;<\/p>\n<h3><strong>KOPER<\/strong><\/h3>\n<p><b>19.00 Dvorana sv. Fran\u010di\u0161ka Asi\u0161kega<\/b><\/p>\n<p><a href=\"https:\/\/fmf-slovenija.si\/en\/new-classmates-novi-sosolci\/\" target=\"_blank\" rel=\"noopener\"><strong>New Classmates \/ Novi so\u0161olci<\/strong><\/a>, Toni Cahunek, Slovenia, 2025, documentary, 89\u2032<\/p>\n<p>Discussion with film director Toni Cahunek, moderated by Viktor Koll\u00e1r of Slovene Philanthropy.<\/p>\n<p>&nbsp;<\/p>\n<h3><strong>PTUJ<\/strong><\/h3>\n<p><b>19.00 City Cinema Ptuj (Mestni kino Ptuj)<\/b><\/p>\n<p><a href=\"https:\/\/fmf-slovenija.si\/en\/pakol\/\" target=\"_blank\" rel=\"noopener\"><strong>Pakol<\/strong><\/a>, Navid Esmaeili, Iran, 2023, feature film, 81\u2032<\/p>\n<p>Discussion about the situation of Afghan women in Iran, moderated by Ana Tasi\u010d.[\/vc_cta][vc_cta h2=&#8221;FRIDAY, SEPTEMBER 26th&#8221;]<\/p>\n<h3><strong>LJUBLJANA<\/strong><\/h3>\n<p><strong>18.00 Slovenska kinoteka (Slovenian Cinematheque)<\/strong><\/p>\n<p><a href=\"https:\/\/fmf-slovenija.si\/en\/where-is-my-home-missa-minun-kotini-on\/\" target=\"_blank\" rel=\"noopener\"><strong>Where Is My Home? \/ Miss\u00e4 minun kotini on?<\/strong><\/a>, Anna Berger, Finland, Germany, 2024, documentary, 76\u2032<\/p>\n<p>Discussion with director Anna Berger, moderated by film critic Petra Meterc.<\/p>\n<p><em>In cooperation with the Slovenian Cinematheque.<\/em>[\/vc_cta][\/vc_column][\/vc_row]<\/p>\n<\/section>","protected":false},"excerpt":{"rendered":"<p>[vc_row][vc_column][vc_column_text] Attending all screenings and events is free of charge, except for the screenings of\u00a0Yunan\u00a0and\u00a0Love Is Not an Orange in Ljubljana. All films have Slovenian subtitles. [\/vc_column_text][vc_empty_space height=&#8221;40px&#8221;][vc_column_text] Summer FMF [\/vc_column_text][vc_empty_space height=&#8221;20px&#8221;][\/vc_column][\/vc_row][vc_row][vc_column width=&#8221;1\/2&#8243;][vc_cta h2=&#8221;LOGATEC&#8221;] THURSDAY, 10th OF JULY 19.00 Narodni dom Logatec Imade, Ignacio Acconcia Gonz\u00e1lez, Spain, 2024, documentary, 29&#8242; El Canon, Mart\u00edn Seeger, Chile, [&hellip;]<\/p>\n","protected":false},"author":3,"featured_media":0,"parent":0,"menu_order":0,"comment_status":"closed","ping_status":"closed","template":"","meta":{"om_disable_all_campaigns":false,"_monsterinsights_skip_tracking":false,"_monsterinsights_sitenote_active":false,"_monsterinsights_sitenote_note":"","_monsterinsights_sitenote_category":0,"_uf_show_specific_survey":0,"_uf_disable_surveys":false,"footnotes":""},"class_list":["post-1254","page","type-page","status-publish","hentry"],"acf":[],"aioseo_notices":[],"_links":{"self":[{"href":"https:\/\/fmf-slovenija.si\/en\/wp-json\/wp\/v2\/pages\/1254","targetHints":{"allow":["GET"]}}],"collection":[{"href":"https:\/\/fmf-slovenija.si\/en\/wp-json\/wp\/v2\/pages"}],"about":[{"href":"https:\/\/fmf-slovenija.si\/en\/wp-json\/wp\/v2\/types\/page"}],"author":[{"embeddable":true,"href":"https:\/\/fmf-slovenija.si\/en\/wp-json\/wp\/v2\/users\/3"}],"replies":[{"embeddable":true,"href":"https:\/\/fmf-slovenija.si\/en\/wp-json\/wp\/v2\/comments?post=1254"}],"version-history":[{"count":33,"href":"https:\/\/fmf-slovenija.si\/en\/wp-json\/wp\/v2\/pages\/1254\/revisions"}],"predecessor-version":[{"id":1839,"href":"https:\/\/fmf-slovenija.si\/en\/wp-json\/wp\/v2\/pages\/1254\/revisions\/1839"}],"wp:attachment":[{"href":"https:\/\/fmf-slovenija.si\/en\/wp-json\/wp\/v2\/media?parent=1254"}],"curies":[{"name":"wp","href":"https:\/\/api.w.org\/{rel}","templated":true}]}}