{"id":1600,"date":"2025-07-31T13:50:42","date_gmt":"2025-07-31T13:50:42","guid":{"rendered":"https:\/\/fmf-slovenija.si\/?page_id=1600"},"modified":"2025-09-03T14:41:15","modified_gmt":"2025-09-03T14:41:15","slug":"summer-fmf","status":"publish","type":"page","link":"https:\/\/fmf-slovenija.si\/en\/summer-fmf\/","title":{"rendered":"Summer FMF"},"content":{"rendered":"<section class=\"wpb-content-wrapper\"><p>[vc_row][vc_column][vc_column_text]<\/p>\n<h4 style=\"text-align: center;\"><b>Attending all screenings and events is free of charge<i><em>.<\/em><\/i> All films have Slovenian subtitles.<\/b><\/h4>\n<p>[\/vc_column_text][vc_empty_space height=&#8221;40px&#8221;][\/vc_column][\/vc_row][vc_row][vc_column width=&#8221;1\/2&#8243;][vc_cta h2=&#8221;LOGATEC&#8221;]<\/p>\n<h3><strong>THURSDAY, 10th OF JULY<\/strong><\/h3>\n<p><strong>19.00 Narodni dom Logatec<\/strong><\/p>\n<p><a href=\"https:\/\/fmf-slovenija.si\/en\/imade\/\" target=\"_blank\" rel=\"noopener\"><strong>Imade<\/strong><\/a>, Ignacio Acconcia Gonz\u00e1lez, Spain, 2024, documentary, 29\u2032<\/p>\n<p><a href=\"https:\/\/fmf-slovenija.si\/en\/el-canon\/\" target=\"_blank\" rel=\"noopener\"><strong>El Canon<\/strong><\/a>, Mart\u00edn Seeger, Chile, 2024, fiction, 19\u2032<\/p>\n<p><a href=\"https:\/\/fmf-slovenija.si\/en\/the-second-life-of-wafaa\" target=\"_blank\" rel=\"noopener\"><strong>The Second Life of Wafaa<\/strong><\/a>, Ekaterina Pavlova, Germany, 2024, documentary, 13\u2032<\/p>\n<p>Following the screenings there will be a discussion about the films and refreshments.<\/p>\n<p><em>The event is organised in cooperation with Knji\u017enica Logatec<\/em>.[\/vc_cta][vc_cta h2=&#8221;POSTOJNA&#8221;]<\/p>\n<h3><strong>THURSDAY, 17th OF JULY<\/strong><\/h3>\n<p><strong>20.00 Mladinski center Postojna<\/strong><\/p>\n<p><a href=\"https:\/\/fmf-slovenija.si\/en\/the-second-life-of-wafaa\" target=\"_blank\" rel=\"noopener\"><strong>The Second Life of Wafaa<\/strong><\/a>, Ekaterina Pavlova, Germany, 2024, documentary, 13\u2032<\/p>\n<p><a href=\"https:\/\/fmf-slovenija.si\/en\/the-fishing-boats-of-kayar-los-cayucos-de-kayar\" target=\"_blank\" rel=\"noopener\"><strong>The Fishing Boats of Kayar \/ Los Cayucos de Kayar<\/strong><\/a>, \u00c1lvaro Hern\u00e1ndez Blanco, Spain, 2024, documentary, 29\u2032<\/p>\n<p>Following the screenings there will be a discussion about the films and refreshments.<\/p>\n<p><em>The event is organised in cooperation with MC Postojna<\/em>.[\/vc_cta][\/vc_column][vc_column width=&#8221;1\/2&#8243;][vc_cta h2=&#8221;MURSKA SOBOTA&#8221;]<\/p>\n<h3><strong>MONDAY, 14th OF JULY<\/strong><\/h3>\n<p><strong>10.00 Mladinski informativni in kulturni klub Murska Sobota (MIKK)<\/strong><\/p>\n<p><a href=\"https:\/\/fmf-slovenija.si\/en\/ceasefire-prekid-vatre\/\" target=\"_blank\" rel=\"noopener\"><strong>Ceasefire \/ Prekid vatre<\/strong><\/a>, Jakob Krese, Germany, Italy, Slovenia, 2025, documentary, 31\u2032<\/p>\n<p><a href=\"https:\/\/fmf-slovenija.si\/en\/ategheh\/\" target=\"_blank\" rel=\"noopener\"><strong>Ategheh<\/strong><\/a>, Masoud Dehnavi, Iran, Lebanon, 2024, documentary, 12\u2032<\/p>\n<p>Following the screening there will be a discussion about the film and refreshments.<\/p>\n<p><em>The event is organised in cooperation with MIKK Murska Sobota<\/em>.[\/vc_cta][vc_cta h2=&#8221;\u010cRNOMELJ&#8221;]<\/p>\n<h3><strong>MONDAY, 21st OF JULY<\/strong><\/h3>\n<p><strong>11.00 Hi\u0161a Sade\u017ei dru\u017ebe \u010crnomelj<\/strong><\/p>\n<p><a href=\"https:\/\/fmf-slovenija.si\/en\/evros-a-blurred-landscape-evros-tholo-topio\/\" target=\"_blank\" rel=\"noopener\"><strong>Evros: A Blurred Landscape \/ Evros: Tholo topio<\/strong><\/a>, Georgios Keramidiotis, Greece, 2024, documentary, 81\u2032<\/p>\n<p>Following the screening there will be a discussion about the film and refreshments.[\/vc_cta][vc_cta h2=&#8221;LJUTOMER&#8221;]<\/p>\n<h3><strong>FRIDAY, 8th OF AUGUST<\/strong><\/h3>\n<p><strong>11.00 Mladinski svet Ljutomer<\/strong><\/p>\n<p><a href=\"https:\/\/fmf-slovenija.si\/en\/en-route-to-europe-we-burn-or-die\" target=\"_blank\" rel=\"noopener\"><strong>En Route to Europe, We Burn or Die<\/strong><\/a>, Noureddine Jebnoun; Jakob Plaschke, Tunisia, 2024, documentary, 74\u2032<\/p>\n<p>Following the screening there will be a discussion about the film and refreshments.<\/p>\n<p><em>The event is organised in cooperation with Mladinski svet Ljutomer<\/em>.[\/vc_cta][\/vc_column][\/vc_row]<\/p>\n<\/section>","protected":false},"excerpt":{"rendered":"<p>[vc_row][vc_column][vc_column_text] Attending all screenings and events is free of charge. All films have Slovenian subtitles. [\/vc_column_text][vc_empty_space height=&#8221;40px&#8221;][\/vc_column][\/vc_row][vc_row][vc_column width=&#8221;1\/2&#8243;][vc_cta h2=&#8221;LOGATEC&#8221;] THURSDAY, 10th OF JULY 19.00 Narodni dom Logatec Imade, Ignacio Acconcia Gonz\u00e1lez, Spain, 2024, documentary, 29\u2032 El Canon, Mart\u00edn Seeger, Chile, 2024, fiction, 19\u2032 The Second Life of Wafaa, Ekaterina Pavlova, Germany, 2024, documentary, 13\u2032 Following [&hellip;]<\/p>\n","protected":false},"author":3,"featured_media":0,"parent":0,"menu_order":0,"comment_status":"closed","ping_status":"closed","template":"","meta":{"om_disable_all_campaigns":false,"_monsterinsights_skip_tracking":false,"_monsterinsights_sitenote_active":false,"_monsterinsights_sitenote_note":"","_monsterinsights_sitenote_category":0,"_uf_show_specific_survey":0,"_uf_disable_surveys":false,"footnotes":""},"class_list":["post-1600","page","type-page","status-publish","hentry"],"acf":[],"aioseo_notices":[],"_links":{"self":[{"href":"https:\/\/fmf-slovenija.si\/en\/wp-json\/wp\/v2\/pages\/1600","targetHints":{"allow":["GET"]}}],"collection":[{"href":"https:\/\/fmf-slovenija.si\/en\/wp-json\/wp\/v2\/pages"}],"about":[{"href":"https:\/\/fmf-slovenija.si\/en\/wp-json\/wp\/v2\/types\/page"}],"author":[{"embeddable":true,"href":"https:\/\/fmf-slovenija.si\/en\/wp-json\/wp\/v2\/users\/3"}],"replies":[{"embeddable":true,"href":"https:\/\/fmf-slovenija.si\/en\/wp-json\/wp\/v2\/comments?post=1600"}],"version-history":[{"count":3,"href":"https:\/\/fmf-slovenija.si\/en\/wp-json\/wp\/v2\/pages\/1600\/revisions"}],"predecessor-version":[{"id":1799,"href":"https:\/\/fmf-slovenija.si\/en\/wp-json\/wp\/v2\/pages\/1600\/revisions\/1799"}],"wp:attachment":[{"href":"https:\/\/fmf-slovenija.si\/en\/wp-json\/wp\/v2\/media?parent=1600"}],"curies":[{"name":"wp","href":"https:\/\/api.w.org\/{rel}","templated":true}]}}