{"id":1602,"date":"2025-07-31T14:01:52","date_gmt":"2025-07-31T14:01:52","guid":{"rendered":"https:\/\/fmf-slovenija.si\/?page_id=1602"},"modified":"2025-09-08T08:03:58","modified_gmt":"2025-09-08T08:03:58","slug":"fmf-across-slovenia","status":"publish","type":"page","link":"https:\/\/fmf-slovenija.si\/en\/fmf-across-slovenia\/","title":{"rendered":"FMF across Slovenia"},"content":{"rendered":"<section class=\"wpb-content-wrapper\"><p>[vc_row][vc_column][vc_column_text]<\/p>\n<h4 style=\"text-align: center;\"><b>Attending all screenings and events is free of charge<i><em>.<\/em><\/i>\u00a0All films have Slovenian subtitles.<\/b><\/h4>\n<p>[\/vc_column_text][vc_empty_space height=&#8221;40px&#8221;][\/vc_column][\/vc_row][vc_row][vc_column width=&#8221;1\/2&#8243;][vc_cta h2=&#8221;MARIBOR&#8221;]<\/p>\n<h3><b>TUESDAY, 23rd of SEPTEMBER<\/b><\/h3>\n<p><b>19.00 GT22<\/b><\/p>\n<p><a href=\"https:\/\/fmf-slovenija.si\/en\/ceasefire-prekid-vatre\/\" target=\"_blank\" rel=\"noopener\"><strong>Ceasefire \/ Prekid vatre<\/strong><\/a>, Jakob Krese, Germany, Italy, Slovenia, 2025, documentary, 31\u2032<\/p>\n<p><a href=\"https:\/\/fmf-slovenija.si\/en\/ategheh\/\" target=\"_blank\" rel=\"noopener\"><strong>Ategheh<\/strong><\/a>, Masoud Dehnavi, Iran, Lebanon, 2024, documentary, 12\u2032<\/p>\n<p>Discussion about the films with screenwriter Meta Krese, moderated by \u017diga Auer of Slovene Philanthropy.<\/p>\n<p><em>The event is organised in cooperation with the Association for the Development of Film Culture.<\/em><\/p>\n<h3><b>THURSDAY, 25th of SEPTEMBER<\/b><\/h3>\n<p><b>19.00 GT22<\/b><\/p>\n<p><a href=\"https:\/\/fmf-slovenija.si\/en\/where-is-my-home-missa-minun-kotini-on\/\" target=\"_blank\" rel=\"noopener\"><strong>Where is my home? \/ Miss\u00e4 minun kotini on?<\/strong><\/a>, Anna Berger, Finland, Germany, 2024, documentary, 76\u2032<\/p>\n<p>Discussion with film director Anna Berger, moderated by \u017diga Auer of Slovene Philanthropy.<\/p>\n<p><em>The event is organised in cooperation with the Association for the Development of Film Culture.<\/em>[\/vc_cta][vc_cta h2=&#8221;KOPER&#8221;]<\/p>\n<h3><b>THURSDAY, 25th of SEPTEMBER<\/b><\/h3>\n<p><b>19.00 Dvorana sv. Fran\u010di\u0161ka Asi\u0161kega<\/b><\/p>\n<p><a href=\"https:\/\/fmf-slovenija.si\/en\/new-classmates-novi-sosolci\/\" target=\"_blank\" rel=\"noopener\"><strong>New Classmates \/ Novi so\u0161olci<\/strong><\/a>, Toni Cahunek, Slovenia, 2025, documentary, 89\u2032<\/p>\n<p>Discussion with film director Toni Cahunek, moderated by Viktor Koll\u00e1r of Slovene Philanthropy.[\/vc_cta][\/vc_column][vc_column width=&#8221;1\/2&#8243;][vc_cta h2=&#8221;METLIKA&#8221;]<\/p>\n<h3><b>TUESDAY, 23rd of SEPTEMBER<\/b><\/h3>\n<p><b>19.00 House Fruits of Society Metlika (Hi\u0161a Sade\u017ei dru\u017ebe Metlika)<\/b><\/p>\n<p><a href=\"https:\/\/fmf-slovenija.si\/en\/the-fishing-boats-of-kayar-los-cayucos-de-kayar\/\" target=\"_blank\" rel=\"noopener\"><strong>The Fishing Boats of Kayar \/ Ribi\u0161ki \u010dolni iz Kayara<\/strong><\/a>, \u00c1lvaro Hern\u00e1ndez Blanco, Spain, 2024, documentary, 29\u2032<\/p>\n<p><a href=\"https:\/\/fmf-slovenija.si\/en\/imade\/\" target=\"_blank\" rel=\"noopener\"><strong>Imade<\/strong><\/a>, Ignacio Acconcia Gonz\u00e1lez, Spain, 2024, documentary, 29\u2032<\/p>\n<p>Discussion about the film with the audience, moderated by Mariya Ardyukova of Slovene Philanthropy.[\/vc_cta][vc_cta h2=&#8221;\u017dALEC&#8221;]<\/p>\n<h3><b>TUESDAY, 23rd of SEPTEMBER<\/b><\/h3>\n<p><b>19.00 House Fruits of Society \u017dalec (Hi\u0161a Sade\u017ei dru\u017ebe \u017dalec)<\/b><\/p>\n<p><a href=\"https:\/\/fmf-slovenija.si\/en\/the-fishing-boats-of-kayar-los-cayucos-de-kayar\/\" target=\"_blank\" rel=\"noopener\"><strong>The Fishing Boats of Kayar \/ Los Cayucos de Kayar<\/strong><\/a>, \u00c1lvaro Hern\u00e1ndez Blanco, Spain, 2024, documentary, 29\u2032<\/p>\n<p><a href=\"https:\/\/fmf-slovenija.si\/en\/deportato\/\" target=\"_blank\" rel=\"noopener\"><strong>Deportato<\/strong><\/a>, Hammadi Lassoued, Tunisia, 2018, documentary, 29\u2032 49\u201d<\/p>\n<p>Discussion about the film with the audience, moderated by Ana Tasi\u010d.[\/vc_cta][vc_cta h2=&#8221;PTUJ&#8221;]<\/p>\n<h3><b>THURSDAY, 25th of SEPTEMBER<\/b><\/h3>\n<p><b>19.00 City Cinema Ptuj (Mestni kino Ptuj)<\/b><\/p>\n<p><a href=\"https:\/\/fmf-slovenija.si\/en\/pakol\/\" target=\"_blank\" rel=\"noopener\"><strong>Pakol<\/strong><\/a>, Navid Esmaeili, Iran, 2023, feature film, 81\u2032<\/p>\n<p>Discussion about the situation of Afghan women in Iran, moderated by Ana Tasi\u010d.[\/vc_cta][\/vc_column][\/vc_row]<\/p>\n<\/section>","protected":false},"excerpt":{"rendered":"<p>[vc_row][vc_column][vc_column_text] Attending all screenings and events is free of charge.\u00a0All films have Slovenian subtitles. [\/vc_column_text][vc_empty_space height=&#8221;40px&#8221;][\/vc_column][\/vc_row][vc_row][vc_column width=&#8221;1\/2&#8243;][vc_cta h2=&#8221;MARIBOR&#8221;] TUESDAY, 23rd of SEPTEMBER 19.00 GT22 Ceasefire \/ Prekid vatre, Jakob Krese, Germany, Italy, Slovenia, 2025, documentary, 31\u2032 Ategheh, Masoud Dehnavi, Iran, Lebanon, 2024, documentary, 12\u2032 Discussion about the films with screenwriter Meta Krese, moderated by \u017diga [&hellip;]<\/p>\n","protected":false},"author":3,"featured_media":0,"parent":0,"menu_order":0,"comment_status":"closed","ping_status":"closed","template":"","meta":{"om_disable_all_campaigns":false,"_monsterinsights_skip_tracking":false,"_monsterinsights_sitenote_active":false,"_monsterinsights_sitenote_note":"","_monsterinsights_sitenote_category":0,"_uf_show_specific_survey":0,"_uf_disable_surveys":false,"footnotes":""},"class_list":["post-1602","page","type-page","status-publish","hentry"],"acf":[],"aioseo_notices":[],"_links":{"self":[{"href":"https:\/\/fmf-slovenija.si\/en\/wp-json\/wp\/v2\/pages\/1602","targetHints":{"allow":["GET"]}}],"collection":[{"href":"https:\/\/fmf-slovenija.si\/en\/wp-json\/wp\/v2\/pages"}],"about":[{"href":"https:\/\/fmf-slovenija.si\/en\/wp-json\/wp\/v2\/types\/page"}],"author":[{"embeddable":true,"href":"https:\/\/fmf-slovenija.si\/en\/wp-json\/wp\/v2\/users\/3"}],"replies":[{"embeddable":true,"href":"https:\/\/fmf-slovenija.si\/en\/wp-json\/wp\/v2\/comments?post=1602"}],"version-history":[{"count":5,"href":"https:\/\/fmf-slovenija.si\/en\/wp-json\/wp\/v2\/pages\/1602\/revisions"}],"predecessor-version":[{"id":1806,"href":"https:\/\/fmf-slovenija.si\/en\/wp-json\/wp\/v2\/pages\/1602\/revisions\/1806"}],"wp:attachment":[{"href":"https:\/\/fmf-slovenija.si\/en\/wp-json\/wp\/v2\/media?parent=1602"}],"curies":[{"name":"wp","href":"https:\/\/api.w.org\/{rel}","templated":true}]}}