{"id":1643,"date":"2025-08-04T09:02:59","date_gmt":"2025-08-04T09:02:59","guid":{"rendered":"https:\/\/fmf-slovenija.si\/?page_id=1643"},"modified":"2025-08-06T10:55:56","modified_gmt":"2025-08-06T10:55:56","slug":"new-classmates-novi-sosolci","status":"publish","type":"page","link":"https:\/\/fmf-slovenija.si\/en\/new-classmates-novi-sosolci\/","title":{"rendered":"New Classmates \/ Novi so\u0161olci"},"content":{"rendered":"<section class=\"wpb-content-wrapper\"><p>[vc_row][vc_column][vc_column_text]<b> New Classmates \/ Novi so\u0161olci<\/b><\/p>\n<p><b><img loading=\"lazy\" decoding=\"async\" class=\"alignnone size-medium wp-image-1618\" src=\"https:\/\/fmf-slovenija.si\/wp-content\/uploads\/2025\/08\/NEW-CLASSMATES-Floralba-2-585x329.jpg\" alt=\"\" width=\"300\" height=\"169\" srcset=\"https:\/\/fmf-slovenija.si\/wp-content\/uploads\/2025\/08\/NEW-CLASSMATES-Floralba-2-585x329.jpg 585w, https:\/\/fmf-slovenija.si\/wp-content\/uploads\/2025\/08\/NEW-CLASSMATES-Floralba-2-1200x675.jpg 1200w, https:\/\/fmf-slovenija.si\/wp-content\/uploads\/2025\/08\/NEW-CLASSMATES-Floralba-2-768x432.jpg 768w, https:\/\/fmf-slovenija.si\/wp-content\/uploads\/2025\/08\/NEW-CLASSMATES-Floralba-2-1536x864.jpg 1536w, https:\/\/fmf-slovenija.si\/wp-content\/uploads\/2025\/08\/NEW-CLASSMATES-Floralba-2-2048x1152.jpg 2048w, https:\/\/fmf-slovenija.si\/wp-content\/uploads\/2025\/08\/NEW-CLASSMATES-Floralba-2-100x56.jpg 100w\" sizes=\"auto, (max-width: 300px) 100vw, 300px\" \/><\/b><\/p>\n<p><b>country, year<\/b><\/p>\n<p>Slovenia, 2025<\/p>\n<p><b>genre<\/b><\/p>\n<p><span style=\"font-weight: 400;\">documentary<\/span><\/p>\n<p><b>running time<\/b><\/p>\n<p><span style=\"font-weight: 400;\">89\u2019<\/span><\/p>\n<p><b>directed by<\/b><\/p>\n<p>Toni Cahunek<\/p>\n<p><b>languages<\/b><\/p>\n<p>Slovenian, Albanian, English<\/p>\n<p><b>about the film<\/b><\/p>\n<p>New Classmates offers an insightful look into the background of immigration and the challenges of integrating immigrants from Kosovo into the Slovenian school system. It follows the journey of four Albanian-speaking children from Kosovo as they navigate the Slovenian school system with no prior knowledge of the language and significant educational gaps. It also highlights the stories of their parents, who are seeking a better future in a new country. Featuring insights from experts in both Slovenia and Kosovo, the documentary sheds light on the challenges of integrating immigrants and explores the distinct characteristics of the school systems in both countries.<\/p>\n<p><b>about the author<\/b><\/p>\n<p data-start=\"44\" data-end=\"566\">Toni Cahunek is a Slovenian actor, director, TV presenter, and journalist, who mainly works in Slovenia, where he completed his studies in dramatic arts at AGRFT and earned a master&#8217;s degree in political science. In his youth, he appeared on screen as the host of the youth television show \u0160KL, and on film as Stor\u017e in the popular youth movie Tu pa tam. For the past 15 years, he has been co-creating programs for RTV Slovenia (Frekvenca, Impro TV, Tednik, Studio City, Aritmija, Poletna scena) and working as a sports commentator on Sportklub Slovenia. He also works as a moderator at various events (Liffe, SOF, Eurobasket, Planica, FSF), produces video content, and does voice interpretation for TV commercials, but most of the time he focuses on documentary movies with his production Eustahije Film. Since 2011 he has created several short TV documentaries in which he takes roles of the writer, narrator, editor and director. In 2025 he announced his first documentary feature about the integration of children from Kosovo in slovenian schools.<\/p>\n<p data-start=\"44\" data-end=\"566\"><strong>filmography<\/strong><\/p>\n<p>Latest documentary projects:<\/p>\n<ul>\n<li>STOLETJE SMU\u010cANJE \/ THE CENTURY OF SKIING<br \/>\ndocumentary movie, 52 min, 2023, production: RTV Slovenija &amp; Invida &amp; Eustahije film<\/li>\n<li>\u0160KL &#8211; \u0160PORT TISO\u010cERIH OBRAZOV \/ \u0160KL &#8211; A SPORT OF THOUSANDS OF FACES<br \/>\ndocumentary movie, 93 min, 2019, production: Zavod \u0160KL &amp; Eustahije film<\/li>\n<li>AMBASADORJI PLAVANJA \/ SWIMMING AMBASSADORS<br \/>\ndocumentary movie, 59 min, 2018, production: RTV Slovenija &amp; Eustahije Film<\/li>\n<li>SVET STAV \/ THE WORLD OF BETTING<br \/>\ndocumentary movie, 52 min, 2014, production: RTV Slovenija &amp; Eustahije Film<\/li>\n<\/ul>\n<p>Actor:<\/p>\n<ul>\n<li data-start=\"44\" data-end=\"566\"><a href=\"https:\/\/www.imdb.com\/title\/tt0449662\/\">TU PA TAM \/ HERE AND THERE<\/a><br \/>\n2004, 92 min<\/li>\n<li data-start=\"44\" data-end=\"566\"><a href=\"https:\/\/www.imdb.com\/title\/tt4160726\/\">POSTALI BOMO PRVAKI SVETA<\/a><br \/>\n2015, 127 min<\/li>\n<li data-start=\"44\" data-end=\"566\"><a href=\"https:\/\/www.imdb.com\/title\/tt13752206\/\">PRIMERI IN\u0160PEKTORJA VRENKA<\/a><br \/>\n2021 &#8211; , 12 x 45 min<\/li>\n<\/ul>\n<p>[\/vc_column_text][\/vc_column][\/vc_row]<\/p>\n<\/section>","protected":false},"excerpt":{"rendered":"<p>[vc_row][vc_column][vc_column_text] New Classmates \/ Novi so\u0161olci country, year Slovenia, 2025 genre documentary running time 89\u2019 directed by Toni Cahunek languages Slovenian, Albanian, English about the film New Classmates offers an insightful look into the background of immigration and the challenges of integrating immigrants from Kosovo into the Slovenian school system. It follows the journey of [&hellip;]<\/p>\n","protected":false},"author":3,"featured_media":0,"parent":0,"menu_order":0,"comment_status":"closed","ping_status":"closed","template":"","meta":{"om_disable_all_campaigns":false,"_monsterinsights_skip_tracking":false,"_monsterinsights_sitenote_active":false,"_monsterinsights_sitenote_note":"","_monsterinsights_sitenote_category":0,"_uf_show_specific_survey":0,"_uf_disable_surveys":false,"footnotes":""},"class_list":["post-1643","page","type-page","status-publish","hentry"],"acf":[],"aioseo_notices":[],"_links":{"self":[{"href":"https:\/\/fmf-slovenija.si\/en\/wp-json\/wp\/v2\/pages\/1643","targetHints":{"allow":["GET"]}}],"collection":[{"href":"https:\/\/fmf-slovenija.si\/en\/wp-json\/wp\/v2\/pages"}],"about":[{"href":"https:\/\/fmf-slovenija.si\/en\/wp-json\/wp\/v2\/types\/page"}],"author":[{"embeddable":true,"href":"https:\/\/fmf-slovenija.si\/en\/wp-json\/wp\/v2\/users\/3"}],"replies":[{"embeddable":true,"href":"https:\/\/fmf-slovenija.si\/en\/wp-json\/wp\/v2\/comments?post=1643"}],"version-history":[{"count":3,"href":"https:\/\/fmf-slovenija.si\/en\/wp-json\/wp\/v2\/pages\/1643\/revisions"}],"predecessor-version":[{"id":1683,"href":"https:\/\/fmf-slovenija.si\/en\/wp-json\/wp\/v2\/pages\/1643\/revisions\/1683"}],"wp:attachment":[{"href":"https:\/\/fmf-slovenija.si\/en\/wp-json\/wp\/v2\/media?parent=1643"}],"curies":[{"name":"wp","href":"https:\/\/api.w.org\/{rel}","templated":true}]}}